{"id":122397,"date":"2022-05-24T14:46:28","date_gmt":"2022-05-24T12:46:28","guid":{"rendered":"http:\/\/arten.it\/work-with-us\/"},"modified":"2024-06-26T11:48:43","modified_gmt":"2024-06-26T09:48:43","slug":"work-with-us","status":"publish","type":"page","link":"https:\/\/arten.it\/de\/work-with-us\/","title":{"rendered":"Work with us"},"content":{"rendered":"<p>[et_pb_section fb_built=&#8220;1&#8243; custom_padding_last_edited=&#8220;on|tablet&#8220; admin_label=&#8220;Hero&#8220; _builder_version=&#8220;4.17.4&#8243; use_background_color_gradient=&#8220;on&#8220; background_color_gradient_direction=&#8220;90deg&#8220; background_color_gradient_stops=&#8220;rgba(23,23,25,0.75) 0%|rgba(23,23,25,0.22) 100%&#8220; background_color_gradient_overlays_image=&#8220;on&#8220; background_color_gradient_start=&#8220;rgba(23,23,25,0.75)&#8220; background_color_gradient_end=&#8220;rgba(23,23,25,0.22)&#8220; background_image=&#8220;http:\/\/arten.it\/wp-content\/uploads\/2022\/06\/lavorazioni-in-acciao-Inox-Arten-5D_A0672.jpg&#8220; background_position=&#8220;bottom_center&#8220; background_vertical_offset=&#8220;66%&#8220; custom_padding=&#8220;5%||5%||true|false&#8220; custom_padding_tablet=&#8220;&#8220; custom_padding_phone=&#8220;15%||15%||true|false&#8220; locked=&#8220;off&#8220; global_colors_info=&#8220;{}&#8220;][et_pb_row use_custom_gutter=&#8220;on&#8220; gutter_width=&#8220;2&#8243; make_equal=&#8220;on&#8220; _builder_version=&#8220;4.16&#8243; width=&#8220;98%&#8220; width_tablet=&#8220;90%&#8220; width_phone=&#8220;90%&#8220; width_last_edited=&#8220;on|tablet&#8220; max_width=&#8220;1170px&#8220; max_width_tablet=&#8220;90%&#8220; max_width_phone=&#8220;90%&#8220; max_width_last_edited=&#8220;on|phone&#8220; global_colors_info=&#8220;{}&#8220;][et_pb_column type=&#8220;4_4&#8243; _builder_version=&#8220;4.16&#8243; global_colors_info=&#8220;{}&#8220;][et_pb_text _builder_version=&#8220;4.17.4&#8243; _module_preset=&#8220;ac9bdace-54e1-4778-b85e-d07d42249fc7&#8243; text_text_color=&#8220;#016838&#8243; text_font_size=&#8220;15px&#8220; custom_css_main_element=&#8220;font-weight:500!important;&#8220; global_colors_info=&#8220;{}&#8220;]<\/p>\n<p>join the team<\/p>\n<p>[\/et_pb_text][et_pb_text _builder_version=&#8220;4.18.0&#8243; _dynamic_attributes=&#8220;content&#8220; text_font=&#8220;|700|||||||&#8220; text_text_color=&#8220;#ffffff&#8220; text_font_size=&#8220;55px&#8220; text_line_height=&#8220;1.2em&#8220; custom_margin=&#8220;-10px||&#8220; animation_direction=&#8220;top&#8220; text_font_size_tablet=&#8220;40px&#8220; text_font_size_phone=&#8220;34px&#8220; text_font_size_last_edited=&#8220;on|phone&#8220; global_colors_info=&#8220;{}&#8220;]@ET-DC@eyJkeW5hbWljIjp0cnVlLCJjb250ZW50IjoicG9zdF90aXRsZSIsInNldHRpbmdzIjp7ImJlZm9yZSI6IiIsImFmdGVyIjoiIn19@[\/et_pb_text][\/et_pb_column][\/et_pb_row][\/et_pb_section][et_pb_section fb_built=&#8220;1&#8243; custom_padding_last_edited=&#8220;on|tablet&#8220; admin_label=&#8220;Contact details and form&#8220; _builder_version=&#8220;4.17.4&#8243; background_color=&#8220;#000000&#8243; background_color_gradient_direction=&#8220;90deg&#8220; background_enable_image=&#8220;off&#8220; custom_padding=&#8220;5%||5%||true|false&#8220; custom_padding_tablet=&#8220;&#8220; custom_padding_phone=&#8220;15%||15%||true|false&#8220; locked=&#8220;off&#8220; global_colors_info=&#8220;{}&#8220;][et_pb_row column_structure=&#8220;1_3,2_3&#8243; use_custom_gutter=&#8220;on&#8220; gutter_width=&#8220;3&#8243; make_equal=&#8220;on&#8220; _builder_version=&#8220;4.18.0&#8243; width=&#8220;98%&#8220; width_tablet=&#8220;90%&#8220; width_phone=&#8220;90%&#8220; width_last_edited=&#8220;on|tablet&#8220; max_width=&#8220;1170px&#8220; max_width_tablet=&#8220;90%&#8220; max_width_phone=&#8220;90%&#8220; max_width_last_edited=&#8220;on|phone&#8220; global_colors_info=&#8220;{}&#8220;][et_pb_column type=&#8220;1_3&#8243; _builder_version=&#8220;4.18.0&#8243; custom_padding=&#8220;||100px||false|false&#8220; custom_padding_tablet=&#8220;||50px||false|false&#8220; custom_padding_phone=&#8220;||30px||false|false&#8220; custom_padding_last_edited=&#8220;on|phone&#8220; global_colors_info=&#8220;{}&#8220;][et_pb_text _builder_version=&#8220;4.17.4&#8243; _module_preset=&#8220;ac9bdace-54e1-4778-b85e-d07d42249fc7&#8243; text_font=&#8220;|500||on|||||&#8220; text_text_color=&#8220;#016838&#8243; custom_css_main_element=&#8220;font-weight:500!important;&#8220; locked=&#8220;off&#8220; global_colors_info=&#8220;{}&#8220;]<\/p>\n<p>apply<\/p>\n<p>[\/et_pb_text][et_pb_text _builder_version=&#8220;4.18.0&#8243; _module_preset=&#8220;_initial&#8220; header_font_size_tablet=&#8220;&#8220; header_font_size_phone=&#8220;&#8220; header_font_size_last_edited=&#8220;on|tablet&#8220; header_2_font_size_tablet=&#8220;36px&#8220; header_2_font_size_phone=&#8220;30px&#8220; global_colors_info=&#8220;{}&#8220;]<\/p>\n<h2>All the <strong>open<\/strong> positions<\/h2>\n<p>[\/et_pb_text][et_pb_text _builder_version=&#8220;4.18.0&#8243; _module_preset=&#8220;_initial&#8220; global_colors_info=&#8220;{}&#8220;]<\/p>\n<h4>Apply by filling the form<\/h4>\n<p>[\/et_pb_text][et_pb_blurb title=&#8220;Spontaneous application&#8220; content_max_width=&#8220;100%&#8220; _builder_version=&#8220;4.18.0&#8243; _module_preset=&#8220;default&#8220; header_level=&#8220;h3&#8243; header_font=&#8220;|600|||||||&#8220; header_text_align=&#8220;left&#8220; body_text_align=&#8220;left&#8220; module_alignment=&#8220;left&#8220; custom_margin=&#8220;|||0px|false|false&#8220; custom_padding=&#8220;|||0px|false|false&#8220; custom_padding_tablet=&#8220;|||0px|false|false&#8220; custom_padding_last_edited=&#8220;off|tablet&#8220; module_alignment_tablet=&#8220;left&#8220; module_alignment_phone=&#8220;left&#8220; module_alignment_last_edited=&#8220;on|tablet&#8220; global_colors_info=&#8220;{}&#8220;]<\/p>\n<p>Do you want to join our team? Fill the form with your data: in case we are interested in your profile we will get in contact with you for an interview.<\/p>\n<p>[\/et_pb_blurb][\/et_pb_column][et_pb_column type=&#8220;2_3&#8243; _builder_version=&#8220;4.16&#8243; global_colors_info=&#8220;{}&#8220;][et_pb_text _builder_version=&#8220;4.18.0&#8243; _module_preset=&#8220;default&#8220; custom_margin=&#8220;-40px||||false|false&#8220; hover_enabled=&#8220;0&#8243; global_colors_info=&#8220;{}&#8220; sticky_enabled=&#8220;0&#8243;]<\/p>\n<p><div class=\"forminator-ui forminator-custom-form forminator-custom-form-112823 forminator-design--flat  forminator_ajax\" data-forminator-render=\"0\" data-form=\"forminator-module-112823\" data-uid=\"69e798f675380\"><\/div>\n<form\n\t\t\t\tid=\"forminator-module-112823\"\n\t\t\t\tclass=\"forminator-ui forminator-custom-form forminator-custom-form-112823 forminator-design--flat  forminator_ajax\"\n\t\t\t\tmethod=\"post\"\n\t\t\t\tdata-forminator-render=\"0\"\n\t\t\t\tdata-form-id=\"112823\"\n\t\t\t\tenctype=\"multipart\/form-data\" data-color-option=\"default\" data-design=\"flat\" data-grid=\"open\" style=\"display: none;\"\n\t\t\t\tdata-uid=\"69e798f675380\"\n\t\t\t><\/p>\n<div role=\"alert\" aria-live=\"polite\" class=\"forminator-response-message forminator-error\" aria-hidden=\"true\"><\/div>\n<div class=\"forminator-row\">\n<div id=\"name-1\" class=\"forminator-field-name forminator-col forminator-col-12 \">\n<div class=\"forminator-field\"><label for=\"forminator-field-name-1_69e798f675380\" id=\"forminator-field-name-1_69e798f675380-label\" class=\"forminator-label\">Complete name <span class=\"forminator-required\">*<\/span><\/label><input type=\"text\" name=\"name-1\" value=\"\" placeholder=\"Complete name\" id=\"forminator-field-name-1_69e798f675380\" class=\"forminator-input forminator-name--field\" aria-required=\"true\" autocomplete=\"name\" \/><\/div>\n<\/div>\n<\/div>\n<div class=\"forminator-row\">\n<div id=\"phone-1\" class=\"forminator-field-phone forminator-col forminator-col-6 \">\n<div class=\"forminator-field\"><label for=\"forminator-field-phone-1_69e798f675380\" id=\"forminator-field-phone-1_69e798f675380-label\" class=\"forminator-label\">Phone number <span class=\"forminator-required\">*<\/span><\/label><input type=\"text\" name=\"phone-1\" value=\"\" placeholder=\"Phone number\" id=\"forminator-field-phone-1_69e798f675380\" class=\"forminator-input forminator-field--phone\" data-required=\"1\" aria-required=\"true\" autocomplete=\"off\" \/><\/div>\n<\/div>\n<div id=\"email-1\" class=\"forminator-field-email forminator-col forminator-col-6 \">\n<div class=\"forminator-field\"><label for=\"forminator-field-email-1_69e798f675380\" id=\"forminator-field-email-1_69e798f675380-label\" class=\"forminator-label\">E-mail <span class=\"forminator-required\">*<\/span><\/label><input type=\"email\" name=\"email-1\" value=\"\" placeholder=\"E-mail\" id=\"forminator-field-email-1_69e798f675380\" class=\"forminator-input forminator-email--field\" data-required=\"1\" aria-required=\"true\" autocomplete=\"email\" \/><\/div>\n<\/div>\n<\/div>\n<div class=\"forminator-row\">\n<div id=\"text-1\" class=\"forminator-field-text forminator-col forminator-col-12 \">\n<div class=\"forminator-field\"><label for=\"forminator-field-text-1_69e798f675380\" id=\"forminator-field-text-1_69e798f675380-label\" class=\"forminator-label\">Job position <span class=\"forminator-required\">*<\/span><\/label><input type=\"text\" name=\"text-1\" value=\"\" placeholder=\"Job position you are intrested in\" id=\"forminator-field-text-1_69e798f675380\" class=\"forminator-input forminator-name--field\" data-required=\"1\" \/><\/div>\n<\/div>\n<\/div>\n<div class=\"forminator-row\">\n<div id=\"textarea-1\" class=\"forminator-field-textarea forminator-col forminator-col-12 \">\n<div class=\"forminator-field\"><label for=\"forminator-field-textarea-1_69e798f675380\" id=\"forminator-field-textarea-1_69e798f675380-label\" class=\"forminator-label\">Presentation <span class=\"forminator-required\">*<\/span><\/label><textarea name=\"textarea-1\" placeholder=\"Tell us about you\" id=\"forminator-field-textarea-1_69e798f675380\" class=\"forminator-textarea\" rows=\"6\" style=\"--forminator-textarea-min-height:140px;\" ><\/textarea><\/div>\n<\/div>\n<\/div>\n<div class=\"forminator-row\">\n<div id=\"upload-1\" class=\"forminator-field-upload forminator-col forminator-col-12 \">\n<div class=\"forminator-field\"><label for=\"forminator-field-upload-1_69e798f675380\" id=\"forminator-field-upload-1_69e798f675380-label\" class=\"forminator-label\">Resume <span class=\"forminator-required\">*<\/span><\/label><\/p>\n<div class=\"forminator-multi-upload \" data-element=\"upload-1_69e798f675380\"><input type=\"file\" name=\"upload-1[]\" id=\"forminator-field-upload-1_69e798f675380\" class=\"forminator-input-file-required do-validate forminator-field-upload-1_69e798f675380-112823\" multiple=\"multiple\" data-method=\"ajax\" data-size=\"8000000\" data-size-message=\"Die maximale Dateigr\u00f6\u00dfe betr\u00e4gt 8 MB. \"><\/p>\n<div class=\"forminator-multi-upload-message\" aria-hidden=\"true\"><span class=\"forminator-icon-upload\" aria-hidden=\"true\"><\/span><\/p>\n<p>Drag &amp; Drop (oder) <a class=\"forminator-upload-file--forminator-field-upload-1_69e798f675380\" href=\"#\" onclick=\"return false;\">W\u00e4hle Dateien<\/a><\/p>\n<\/div>\n<\/div>\n<ul class=\"forminator-uploaded-files upload-container-upload-1_69e798f675380\"><\/ul>\n<\/div>\n<\/div>\n<\/div>\n<div class=\"forminator-row forminator-hidden\">\n<div id=\"hidden-1\" class=\"forminator-field-hidden  forminator-col-12 \"><input type=\"hidden\" id=\"hidden-1_69e798f675380\" name=\"hidden-1\" value=\"216.73.216.239\" \/><\/div>\n<\/div>\n<div class=\"forminator-row\">\n<div id=\"consent-1\" class=\"forminator-field-consent forminator-col forminator-col-12 \">\n<div class=\"forminator-field\"><label for=\"forminator-field-consent-1_69e798f675380\" id=\"forminator-field-consent-1_69e798f675380-label\" class=\"forminator-label\">Consent <span class=\"forminator-required\">*<\/span><\/label><\/p>\n<div class=\"forminator-checkbox__wrapper\"><label id=\"forminator-field-consent-1_69e798f675380__label\" class=\"forminator-checkbox forminator-consent\"><input type=\"checkbox\" name=\"consent-1\" id=\"forminator-field-consent-1_69e798f675380\" value=\"checked\" aria-labelledby=\"forminator-field-consent-1_69e798f675380-label\" aria-describedby=\"forminator-field-consent-1_69e798f675380__description\" data-required=\"true\" aria-required=\"true\" \/><span class=\"forminator-checkbox-box\" aria-hidden=\"true\"><\/span><\/label><\/p>\n<div id=\"forminator-field-consent-1_69e798f675380__description\" class=\"forminator-checkbox__label forminator-consent__label\">\n<p>I have read the&nbsp;<a href=\"https:\/\/arten.it\/en\/privacy-statement-ue\/\">privacy policy<\/a>&nbsp;and agree to allow my data to be used for the purposes stated.<\/p>\n<\/div>\n<\/div>\n<\/div>\n<\/div>\n<\/div>\n<div class=\"forminator-row\">\n<div id=\"captcha-1\" class=\"forminator-field-captcha forminator-col forminator-col-12 \">\n<div class=\"forminator-captcha-left forminator-g-recaptcha recaptcha-invisible\" data-theme=\"light\" data-badge=\"inline\" data-sitekey=\"6LecqkAjAAAAAJLCQIleRHKBHIuEU2ZezTmVNY1t\" data-size=\"invisible\"><\/div>\n<\/p><\/div>\n<\/div>\n<p><input type=\"hidden\" name=\"referer_url\" value=\"\" \/><\/p>\n<div class=\"forminator-row forminator-row-last\">\n<div class=\"forminator-col\">\n<div class=\"forminator-field\"><button class=\"forminator-button forminator-button-submit form_candidature_eng\">Send<\/button><\/div>\n<\/div>\n<\/div>\n<p><input type=\"hidden\" id=\"forminator_nonce\" name=\"forminator_nonce\" value=\"8bc38a1614\" \/><input type=\"hidden\" name=\"_wp_http_referer\" value=\"\/de\/wp-json\/wp\/v2\/pages\/122397\" \/><input type=\"hidden\" name=\"form_id\" value=\"112823\"><input type=\"hidden\" name=\"page_id\" value=\"122397\"><input type=\"hidden\" name=\"form_type\" value=\"default\"><input type=\"hidden\" name=\"current_url\" value=\"https:\/\/arten.it\/de\/work-with-us\/\"><input type=\"hidden\" name=\"render_id\" value=\"0\"><input type=\"hidden\" name=\"forminator-multifile-hidden\" class=\"forminator-multifile-hidden\"><input type=\"hidden\" name=\"action\" value=\"forminator_submit_form_custom-forms\"><\/form>\n<\/p>\n<p>[\/et_pb_text][\/et_pb_column][\/et_pb_row][\/et_pb_section]<\/p>\n","protected":false},"excerpt":{"rendered":"<p>join the team apply All the open positions Apply by filling the form Do you want to join our team? Fill the form with your data: in case we are interested in your profile we will get in contact with you for an interview. <div class=\"forminator-ui forminator-custom-form forminator-custom-form-112823 forminator-design--flat  forminator_ajax\" data-forminator-render=\"1\" data-form=\"forminator-module-112823\" data-uid=\"69e798f7d74c7\"><br\/><\/div><form\r\n\t\t\t\tid=\"forminator-module-112823\"\r\n\t\t\t\tclass=\"forminator-ui forminator-custom-form forminator-custom-form-112823 forminator-design--flat  forminator_ajax\"\r\n\t\t\t\tmethod=\"post\"\r\n\t\t\t\tdata-forminator-render=\"1\"\r\n\t\t\t\tdata-form-id=\"112823\"\r\n\t\t\t\tenctype=\"multipart\/form-data\" data-color-option=\"default\" data-design=\"flat\" data-grid=\"open\" style=\"display: none;\"\r\n\t\t\t\tdata-uid=\"69e798f7d74c7\"\r\n\t\t\t><div role=\"alert\" aria-live=\"polite\" class=\"forminator-response-message forminator-error\" aria-hidden=\"true\"><\/div><div class=\"forminator-row\"><div id=\"name-1\" class=\"forminator-field-name forminator-col forminator-col-12 \"><div class=\"forminator-field\"><label for=\"forminator-field-name-1_69e798f7d74c7\" id=\"forminator-field-name-1_69e798f7d74c7-label\" class=\"forminator-label\">Complete name <span class=\"forminator-required\">*<\/span><\/label><input type=\"text\" name=\"name-1\" value=\"\" placeholder=\"Complete name\" id=\"forminator-field-name-1_69e798f7d74c7\" class=\"forminator-input forminator-name--field\" aria-required=\"true\" autocomplete=\"name\" \/><\/div><\/div><\/div><div class=\"forminator-row\"><div id=\"phone-1\" class=\"forminator-field-phone forminator-col forminator-col-6 \"><div class=\"forminator-field\"><label for=\"forminator-field-phone-1_69e798f7d74c7\" id=\"forminator-field-phone-1_69e798f7d74c7-label\" class=\"forminator-label\">Phone number <span class=\"forminator-required\">*<\/span><\/label><input type=\"text\" name=\"phone-1\" value=\"\" placeholder=\"Phone number\" id=\"forminator-field-phone-1_69e798f7d74c7\" class=\"forminator-input forminator-field--phone\" data-required=\"1\" aria-required=\"true\" autocomplete=\"off\" \/><\/div><\/div><div id=\"email-1\" class=\"forminator-field-email forminator-col forminator-col-6 \"><div class=\"forminator-field\"><label for=\"forminator-field-email-1_69e798f7d74c7\" id=\"forminator-field-email-1_69e798f7d74c7-label\" class=\"forminator-label\">E-mail <span class=\"forminator-required\">*<\/span><\/label><input type=\"email\" name=\"email-1\" value=\"\" placeholder=\"E-mail\" id=\"forminator-field-email-1_69e798f7d74c7\" class=\"forminator-input forminator-email--field\" data-required=\"1\" aria-required=\"true\" autocomplete=\"email\" \/><\/div><\/div><\/div><div class=\"forminator-row\"><div id=\"text-1\" class=\"forminator-field-text forminator-col forminator-col-12 \"><div class=\"forminator-field\"><label for=\"forminator-field-text-1_69e798f7d74c7\" id=\"forminator-field-text-1_69e798f7d74c7-label\" class=\"forminator-label\">Job position <span class=\"forminator-required\">*<\/span><\/label><input type=\"text\" name=\"text-1\" value=\"\" placeholder=\"Job position you are intrested in\" id=\"forminator-field-text-1_69e798f7d74c7\" class=\"forminator-input forminator-name--field\" data-required=\"1\" \/><\/div><\/div><\/div><div class=\"forminator-row\"><div id=\"textarea-1\" class=\"forminator-field-textarea forminator-col forminator-col-12 \"><div class=\"forminator-field\"><label for=\"forminator-field-textarea-1_69e798f7d74c7\" id=\"forminator-field-textarea-1_69e798f7d74c7-label\" class=\"forminator-label\">Presentation <span class=\"forminator-required\">*<\/span><\/label><textarea name=\"textarea-1\" placeholder=\"Tell us about you\" id=\"forminator-field-textarea-1_69e798f7d74c7\" class=\"forminator-textarea\" rows=\"6\" style=\"--forminator-textarea-min-height:140px;\" ><\/textarea><\/div><\/div><\/div><div class=\"forminator-row\"><div id=\"upload-1\" class=\"forminator-field-upload forminator-col forminator-col-12 \"><div class=\"forminator-field\"><label for=\"forminator-field-upload-1_69e798f7d74c7\" id=\"forminator-field-upload-1_69e798f7d74c7-label\" class=\"forminator-label\">Resume <span class=\"forminator-required\">*<\/span><\/label><div class=\"forminator-multi-upload \" data-element=\"upload-1_69e798f7d74c7\"><input type=\"file\" name=\"upload-1[]\" id=\"forminator-field-upload-1_69e798f7d74c7\" class=\"forminator-input-file-required do-validate forminator-field-upload-1_69e798f7d74c7-112823\" multiple=\"multiple\" data-method=\"ajax\" data-size=\"8000000\" data-size-message=\"Die maximale Dateigr\u00f6\u00dfe betr\u00e4gt 8 MB. \"><div class=\"forminator-multi-upload-message\" aria-hidden=\"true\"><span class=\"forminator-icon-upload\" aria-hidden=\"true\"><\/span><p>Drag &amp; Drop (oder) <a class=\"forminator-upload-file--forminator-field-upload-1_69e798f7d74c7\" href=\"#\" onclick=\"return false;\">W\u00e4hle Dateien<\/a><\/p><\/div><\/div><ul class=\"forminator-uploaded-files upload-container-upload-1_69e798f7d74c7\"><\/ul><\/div><\/div><\/div><div class=\"forminator-row forminator-hidden\"><div id=\"hidden-1\" class=\"forminator-field-hidden  forminator-col-12 \"><input type=\"hidden\" id=\"hidden-1_69e798f7d74c7\" name=\"hidden-1\" value=\"216.73.216.239\" \/><\/div><\/div><div class=\"forminator-row\"><div id=\"consent-1\" class=\"forminator-field-consent forminator-col forminator-col-12 \"><div class=\"forminator-field\"><label for=\"forminator-field-consent-1_69e798f7d74c7\" id=\"forminator-field-consent-1_69e798f7d74c7-label\" class=\"forminator-label\">Consent <span class=\"forminator-required\">*<\/span><\/label><div class=\"forminator-checkbox__wrapper\"><label id=\"forminator-field-consent-1_69e798f7d74c7__label\" class=\"forminator-checkbox forminator-consent\"><input type=\"checkbox\" name=\"consent-1\" id=\"forminator-field-consent-1_69e798f7d74c7\" value=\"checked\" aria-labelledby=\"forminator-field-consent-1_69e798f7d74c7-label\" aria-describedby=\"forminator-field-consent-1_69e798f7d74c7__description\" data-required=\"true\" aria-required=\"true\" \/><span class=\"forminator-checkbox-box\" aria-hidden=\"true\"><\/span><\/label><div id=\"forminator-field-consent-1_69e798f7d74c7__description\" class=\"forminator-checkbox__label forminator-consent__label\"><p>I have read the&nbsp;<a href=\"https:\/\/arten.it\/en\/privacy-statement-ue\/\">privacy policy<\/a>&nbsp;and agree to allow my data to be used for the purposes stated.<\/p><\/div><\/div><\/div><\/div><\/div><div class=\"forminator-row\"><div id=\"captcha-1\" class=\"forminator-field-captcha forminator-col forminator-col-12 \"><div class=\"forminator-captcha-left forminator-g-recaptcha recaptcha-invisible\" data-theme=\"light\" data-badge=\"inline\" data-sitekey=\"6LecqkAjAAAAAJLCQIleRHKBHIuEU2ZezTmVNY1t\" data-size=\"invisible\"><\/div> <\/div><\/div><input type=\"hidden\" name=\"referer_url\" value=\"\" \/><div class=\"forminator-row forminator-row-last\"><div class=\"forminator-col\"><div class=\"forminator-field\"><button class=\"forminator-button forminator-button-submit form_candidature_eng\">Send<\/button><\/div><\/div><\/div><input type=\"hidden\" id=\"forminator_nonce\" name=\"forminator_nonce\" value=\"8bc38a1614\" \/><input type=\"hidden\" name=\"_wp_http_referer\" value=\"\/de\/wp-json\/wp\/v2\/pages\/122397\" \/><input type=\"hidden\" name=\"form_id\" value=\"112823\"><input type=\"hidden\" name=\"page_id\" value=\"122397\"><input type=\"hidden\" name=\"form_type\" value=\"default\"><input type=\"hidden\" name=\"current_url\" value=\"https:\/\/arten.it\/de\/work-with-us\/\"><input type=\"hidden\" name=\"render_id\" value=\"1\"><input type=\"hidden\" name=\"forminator-multifile-hidden\" class=\"forminator-multifile-hidden\"><input type=\"hidden\" name=\"action\" value=\"forminator_submit_form_custom-forms\"><\/form><\/p>\n","protected":false},"author":16,"featured_media":0,"parent":0,"menu_order":0,"comment_status":"closed","ping_status":"closed","template":"","meta":{"_acf_changed":false,"_et_pb_use_builder":"on","_et_pb_old_content":"","_et_gb_content_width":"","inline_featured_image":false,"footnotes":""},"class_list":["post-122397","page","type-page","status-publish","hentry"],"acf":[],"_links":{"self":[{"href":"https:\/\/arten.it\/de\/wp-json\/wp\/v2\/pages\/122397","targetHints":{"allow":["GET"]}}],"collection":[{"href":"https:\/\/arten.it\/de\/wp-json\/wp\/v2\/pages"}],"about":[{"href":"https:\/\/arten.it\/de\/wp-json\/wp\/v2\/types\/page"}],"author":[{"embeddable":true,"href":"https:\/\/arten.it\/de\/wp-json\/wp\/v2\/users\/16"}],"replies":[{"embeddable":true,"href":"https:\/\/arten.it\/de\/wp-json\/wp\/v2\/comments?post=122397"}],"version-history":[{"count":0,"href":"https:\/\/arten.it\/de\/wp-json\/wp\/v2\/pages\/122397\/revisions"}],"wp:attachment":[{"href":"https:\/\/arten.it\/de\/wp-json\/wp\/v2\/media?parent=122397"}],"curies":[{"name":"wp","href":"https:\/\/api.w.org\/{rel}","templated":true}]}}