{"id":121585,"date":"2023-07-23T11:25:39","date_gmt":"2023-07-23T09:25:39","guid":{"rendered":"http:\/\/arten.it\/prodotto\/399-vt-art\/"},"modified":"2023-07-23T11:25:39","modified_gmt":"2023-07-23T09:25:39","slug":"399-vt-art","status":"publish","type":"product","link":"https:\/\/arten.it\/de\/prodotto\/399-vt-art\/","title":{"rendered":"399.VT ART"},"content":{"rendered":"<p>Ovale Mannlocht\u00fcr \u00d6ffnung nach au\u00dfen<\/p>\n","protected":false},"excerpt":{"rendered":"<p>Mannlocht\u00fcr<br \/>\n270 x 190 mm<br \/>\nF\u00fcr GLASFASER<\/p>\n","protected":false},"featured_media":0,"template":"","meta":{"_acf_changed":false,"_et_pb_use_builder":"","_et_pb_old_content":"","_et_gb_content_width":"","inline_featured_image":false,"wds_primary_product_brand":0,"wds_primary_product_cat":0},"product_brand":[],"product_cat":[1939,1938],"product_tag":[],"class_list":{"0":"post-121585","1":"product","2":"type-product","3":"status-publish","5":"product_cat-v-glasfaser-ovale-mannlochturen","6":"product_cat-v-glasfaser","7":"pa_installazione-auf-glasfaser","8":"pa_tipo-di-prodotto-mannlochtur","10":"first","11":"instock","12":"product-type-simple"},"acf":[],"_links":{"self":[{"href":"https:\/\/arten.it\/de\/wp-json\/wp\/v2\/product\/121585","targetHints":{"allow":["GET"]}}],"collection":[{"href":"https:\/\/arten.it\/de\/wp-json\/wp\/v2\/product"}],"about":[{"href":"https:\/\/arten.it\/de\/wp-json\/wp\/v2\/types\/product"}],"wp:attachment":[{"href":"https:\/\/arten.it\/de\/wp-json\/wp\/v2\/media?parent=121585"}],"wp:term":[{"taxonomy":"product_brand","embeddable":true,"href":"https:\/\/arten.it\/de\/wp-json\/wp\/v2\/product_brand?post=121585"},{"taxonomy":"product_cat","embeddable":true,"href":"https:\/\/arten.it\/de\/wp-json\/wp\/v2\/product_cat?post=121585"},{"taxonomy":"product_tag","embeddable":true,"href":"https:\/\/arten.it\/de\/wp-json\/wp\/v2\/product_tag?post=121585"}],"curies":[{"name":"wp","href":"https:\/\/api.w.org\/{rel}","templated":true}]}}