{"id":121633,"date":"2023-07-23T11:25:23","date_gmt":"2023-07-23T09:25:23","guid":{"rendered":"http:\/\/arten.it\/prodotto\/grlax-200\/"},"modified":"2023-07-23T11:25:23","modified_gmt":"2023-07-23T09:25:23","slug":"grlax-200","status":"publish","type":"product","link":"https:\/\/arten.it\/de\/prodotto\/grlax-200\/","title":{"rendered":"GRLAX.200"},"content":{"rendered":"<p>Zubeh\u00f6r f\u00fcr Mannlocht\u00fcren und Klappt\u00fcren<\/p>\n","protected":false},"excerpt":{"rendered":"<p>Rundes Schutzgitter<br \/>\nDN 200 mm<\/p>\n","protected":false},"featured_media":121634,"template":"","meta":{"_acf_changed":false,"_et_pb_use_builder":"","_et_pb_old_content":"","_et_gb_content_width":"","inline_featured_image":false,"wds_primary_product_brand":0,"wds_primary_product_cat":0},"product_brand":[],"product_cat":[1913,1910],"product_tag":[],"class_list":{"0":"post-121633","1":"product","2":"type-product","3":"status-publish","4":"has-post-thumbnail","6":"product_cat-a-zubehor-03-schutzgitter","7":"product_cat-a-zubehor","9":"first","10":"instock","11":"product-type-simple"},"acf":[],"_links":{"self":[{"href":"https:\/\/arten.it\/de\/wp-json\/wp\/v2\/product\/121633","targetHints":{"allow":["GET"]}}],"collection":[{"href":"https:\/\/arten.it\/de\/wp-json\/wp\/v2\/product"}],"about":[{"href":"https:\/\/arten.it\/de\/wp-json\/wp\/v2\/types\/product"}],"wp:featuredmedia":[{"embeddable":true,"href":"https:\/\/arten.it\/de\/wp-json\/wp\/v2\/media\/121634"}],"wp:attachment":[{"href":"https:\/\/arten.it\/de\/wp-json\/wp\/v2\/media?parent=121633"}],"wp:term":[{"taxonomy":"product_brand","embeddable":true,"href":"https:\/\/arten.it\/de\/wp-json\/wp\/v2\/product_brand?post=121633"},{"taxonomy":"product_cat","embeddable":true,"href":"https:\/\/arten.it\/de\/wp-json\/wp\/v2\/product_cat?post=121633"},{"taxonomy":"product_tag","embeddable":true,"href":"https:\/\/arten.it\/de\/wp-json\/wp\/v2\/product_tag?post=121633"}],"curies":[{"name":"wp","href":"https:\/\/api.w.org\/{rel}","templated":true}]}}