{"id":121659,"date":"2023-07-23T11:25:18","date_gmt":"2023-07-23T09:25:18","guid":{"rendered":"http:\/\/arten.it\/prodotto\/120705\/"},"modified":"2023-07-23T11:25:18","modified_gmt":"2023-07-23T09:25:18","slug":"120705","status":"publish","type":"product","link":"https:\/\/arten.it\/de\/prodotto\/120705\/","title":{"rendered":"120705"},"content":{"rendered":"<p>Dichtung f\u00fcr Mannlocht\u00fcren und Klappt\u00fcren<\/p>\n","protected":false},"excerpt":{"rendered":"<p>Dichtung<br \/>\nf\u00fcr DN500 mm<\/p>\n","protected":false},"featured_media":121660,"template":"","meta":{"_acf_changed":false,"_et_pb_use_builder":"","_et_pb_old_content":"","_et_gb_content_width":"","inline_featured_image":false,"wds_primary_product_brand":0,"wds_primary_product_cat":0},"product_brand":[],"product_cat":[1915,1910],"product_tag":[],"class_list":{"0":"post-121659","1":"product","2":"type-product","3":"status-publish","4":"has-post-thumbnail","6":"product_cat-a-zubehor-05-dichtungen","7":"product_cat-a-zubehor","8":"pa_tipo-di-prodotto-zubehor","10":"first","11":"instock","12":"product-type-simple"},"acf":[],"_links":{"self":[{"href":"https:\/\/arten.it\/de\/wp-json\/wp\/v2\/product\/121659","targetHints":{"allow":["GET"]}}],"collection":[{"href":"https:\/\/arten.it\/de\/wp-json\/wp\/v2\/product"}],"about":[{"href":"https:\/\/arten.it\/de\/wp-json\/wp\/v2\/types\/product"}],"wp:featuredmedia":[{"embeddable":true,"href":"https:\/\/arten.it\/de\/wp-json\/wp\/v2\/media\/121660"}],"wp:attachment":[{"href":"https:\/\/arten.it\/de\/wp-json\/wp\/v2\/media?parent=121659"}],"wp:term":[{"taxonomy":"product_brand","embeddable":true,"href":"https:\/\/arten.it\/de\/wp-json\/wp\/v2\/product_brand?post=121659"},{"taxonomy":"product_cat","embeddable":true,"href":"https:\/\/arten.it\/de\/wp-json\/wp\/v2\/product_cat?post=121659"},{"taxonomy":"product_tag","embeddable":true,"href":"https:\/\/arten.it\/de\/wp-json\/wp\/v2\/product_tag?post=121659"}],"curies":[{"name":"wp","href":"https:\/\/api.w.org\/{rel}","templated":true}]}}