{"id":121685,"date":"2023-07-23T11:25:11","date_gmt":"2023-07-23T09:25:11","guid":{"rendered":"http:\/\/arten.it\/prodotto\/120615\/"},"modified":"2023-07-23T11:25:11","modified_gmt":"2023-07-23T09:25:11","slug":"120615","status":"publish","type":"product","link":"https:\/\/arten.it\/de\/prodotto\/120615\/","title":{"rendered":"120615"},"content":{"rendered":"<p>Dichtung f\u00fcr Mannlocht\u00fcren und Klappt\u00fcren<\/p>\n","protected":false},"excerpt":{"rendered":"<p>Dichtung<br \/>\nf\u00fcr recht 310\u00d7245 mm \u2013 ovale 360\u00d7247 mm<\/p>\n","protected":false},"featured_media":121686,"template":"","meta":{"_acf_changed":false,"_et_pb_use_builder":"","_et_pb_old_content":"","_et_gb_content_width":"","inline_featured_image":false,"wds_primary_product_brand":0,"wds_primary_product_cat":0},"product_brand":[],"product_cat":[1915,1910],"product_tag":[],"class_list":{"0":"post-121685","1":"product","2":"type-product","3":"status-publish","4":"has-post-thumbnail","6":"product_cat-a-zubehor-05-dichtungen","7":"product_cat-a-zubehor","9":"first","10":"instock","11":"product-type-simple"},"acf":[],"_links":{"self":[{"href":"https:\/\/arten.it\/de\/wp-json\/wp\/v2\/product\/121685","targetHints":{"allow":["GET"]}}],"collection":[{"href":"https:\/\/arten.it\/de\/wp-json\/wp\/v2\/product"}],"about":[{"href":"https:\/\/arten.it\/de\/wp-json\/wp\/v2\/types\/product"}],"wp:featuredmedia":[{"embeddable":true,"href":"https:\/\/arten.it\/de\/wp-json\/wp\/v2\/media\/121686"}],"wp:attachment":[{"href":"https:\/\/arten.it\/de\/wp-json\/wp\/v2\/media?parent=121685"}],"wp:term":[{"taxonomy":"product_brand","embeddable":true,"href":"https:\/\/arten.it\/de\/wp-json\/wp\/v2\/product_brand?post=121685"},{"taxonomy":"product_cat","embeddable":true,"href":"https:\/\/arten.it\/de\/wp-json\/wp\/v2\/product_cat?post=121685"},{"taxonomy":"product_tag","embeddable":true,"href":"https:\/\/arten.it\/de\/wp-json\/wp\/v2\/product_tag?post=121685"}],"curies":[{"name":"wp","href":"https:\/\/api.w.org\/{rel}","templated":true}]}}