{"id":121709,"date":"2023-07-23T11:25:03","date_gmt":"2023-07-23T09:25:03","guid":{"rendered":"http:\/\/arten.it\/prodotto\/125012\/"},"modified":"2023-07-23T11:25:03","modified_gmt":"2023-07-23T09:25:03","slug":"125012","status":"publish","type":"product","link":"https:\/\/arten.it\/de\/prodotto\/125012\/","title":{"rendered":"125012"},"content":{"rendered":"<p>Zubeh\u00f6r f\u00fcr Mannlocht\u00fcren und Klappt\u00fcren<\/p>\n","protected":false},"excerpt":{"rendered":"<p>Nylon Handrad<br \/>\nQuadratisch 15&#215;15 mm<\/p>\n","protected":false},"featured_media":125649,"template":"","meta":{"_acf_changed":false,"_et_pb_use_builder":"","_et_pb_old_content":"","_et_gb_content_width":"","inline_featured_image":false,"wds_primary_product_brand":0,"wds_primary_product_cat":0},"product_brand":[],"product_cat":[1912,1910],"product_tag":[],"class_list":{"0":"post-121709","1":"product","2":"type-product","3":"status-publish","4":"has-post-thumbnail","6":"product_cat-a-zubehor-02-handrader","7":"product_cat-a-zubehor","8":"pa_tipo-di-prodotto-zubehor","10":"first","11":"instock","12":"product-type-simple"},"acf":[],"_links":{"self":[{"href":"https:\/\/arten.it\/de\/wp-json\/wp\/v2\/product\/121709","targetHints":{"allow":["GET"]}}],"collection":[{"href":"https:\/\/arten.it\/de\/wp-json\/wp\/v2\/product"}],"about":[{"href":"https:\/\/arten.it\/de\/wp-json\/wp\/v2\/types\/product"}],"wp:featuredmedia":[{"embeddable":true,"href":"https:\/\/arten.it\/de\/wp-json\/wp\/v2\/media\/125649"}],"wp:attachment":[{"href":"https:\/\/arten.it\/de\/wp-json\/wp\/v2\/media?parent=121709"}],"wp:term":[{"taxonomy":"product_brand","embeddable":true,"href":"https:\/\/arten.it\/de\/wp-json\/wp\/v2\/product_brand?post=121709"},{"taxonomy":"product_cat","embeddable":true,"href":"https:\/\/arten.it\/de\/wp-json\/wp\/v2\/product_cat?post=121709"},{"taxonomy":"product_tag","embeddable":true,"href":"https:\/\/arten.it\/de\/wp-json\/wp\/v2\/product_tag?post=121709"}],"curies":[{"name":"wp","href":"https:\/\/api.w.org\/{rel}","templated":true}]}}