{"id":121788,"date":"2023-07-23T11:24:39","date_gmt":"2023-07-23T09:24:39","guid":{"rendered":"http:\/\/arten.it\/prodotto\/382-w-art\/"},"modified":"2023-07-23T11:24:39","modified_gmt":"2023-07-23T09:24:39","slug":"382-w-art","status":"publish","type":"product","link":"https:\/\/arten.it\/de\/prodotto\/382-w-art\/","title":{"rendered":"382.W ART"},"content":{"rendered":"<p>Rechteckige Mannlocht\u00fcr \u00d6ffnung nach au\u00dfen<\/p>\n","protected":false},"excerpt":{"rendered":"<p>Mannlocht\u00fcr<br \/>\n310 x 245 mm<br \/>\nF\u00fcr HOLZ<\/p>\n","protected":false},"featured_media":121789,"template":"","meta":{"_acf_changed":false,"_et_pb_use_builder":"","_et_pb_old_content":"","_et_gb_content_width":"","inline_featured_image":false,"wds_primary_product_brand":0,"wds_primary_product_cat":0},"product_brand":[],"product_cat":[1946,1944],"product_tag":[],"class_list":{"0":"post-121788","1":"product","2":"type-product","3":"status-publish","4":"has-post-thumbnail","6":"product_cat-w-holz-02-rechteckige-mannlochturen","7":"product_cat-w-holz","8":"pa_installazione-auf-holz","9":"pa_tipo-di-prodotto-mannlochtur","11":"first","12":"instock","13":"product-type-simple"},"acf":[],"_links":{"self":[{"href":"https:\/\/arten.it\/de\/wp-json\/wp\/v2\/product\/121788","targetHints":{"allow":["GET"]}}],"collection":[{"href":"https:\/\/arten.it\/de\/wp-json\/wp\/v2\/product"}],"about":[{"href":"https:\/\/arten.it\/de\/wp-json\/wp\/v2\/types\/product"}],"wp:featuredmedia":[{"embeddable":true,"href":"https:\/\/arten.it\/de\/wp-json\/wp\/v2\/media\/121789"}],"wp:attachment":[{"href":"https:\/\/arten.it\/de\/wp-json\/wp\/v2\/media?parent=121788"}],"wp:term":[{"taxonomy":"product_brand","embeddable":true,"href":"https:\/\/arten.it\/de\/wp-json\/wp\/v2\/product_brand?post=121788"},{"taxonomy":"product_cat","embeddable":true,"href":"https:\/\/arten.it\/de\/wp-json\/wp\/v2\/product_cat?post=121788"},{"taxonomy":"product_tag","embeddable":true,"href":"https:\/\/arten.it\/de\/wp-json\/wp\/v2\/product_tag?post=121788"}],"curies":[{"name":"wp","href":"https:\/\/api.w.org\/{rel}","templated":true}]}}