{"id":121809,"date":"2023-07-23T11:24:31","date_gmt":"2023-07-23T09:24:31","guid":{"rendered":"http:\/\/arten.it\/prodotto\/711-w-art\/"},"modified":"2023-07-23T11:24:31","modified_gmt":"2023-07-23T09:24:31","slug":"711-w-art","status":"publish","type":"product","link":"https:\/\/arten.it\/de\/prodotto\/711-w-art\/","title":{"rendered":"711.W ART"},"content":{"rendered":"<p>Ovale Mannlocht\u00fcr \u00d6ffnung nach au\u00dfen<\/p>\n","protected":false},"excerpt":{"rendered":"<p>Mannlocht\u00fcr<br \/>\n290 x 215 mm<br \/>\nF\u00fcr HOLZ<\/p>\n","protected":false},"featured_media":0,"template":"","meta":{"_acf_changed":false,"_et_pb_use_builder":"","_et_pb_old_content":"","_et_gb_content_width":"","inline_featured_image":false,"wds_primary_product_brand":0,"wds_primary_product_cat":0},"product_brand":[],"product_cat":[1945,1944],"product_tag":[],"class_list":{"0":"post-121809","1":"product","2":"type-product","3":"status-publish","5":"product_cat-w-holz-01-ovale-mannlochturen","6":"product_cat-w-holz","7":"pa_installazione-auf-holz","8":"pa_tipo-di-prodotto-mannlochtur","10":"first","11":"instock","12":"product-type-simple"},"acf":[],"_links":{"self":[{"href":"https:\/\/arten.it\/de\/wp-json\/wp\/v2\/product\/121809","targetHints":{"allow":["GET"]}}],"collection":[{"href":"https:\/\/arten.it\/de\/wp-json\/wp\/v2\/product"}],"about":[{"href":"https:\/\/arten.it\/de\/wp-json\/wp\/v2\/types\/product"}],"wp:attachment":[{"href":"https:\/\/arten.it\/de\/wp-json\/wp\/v2\/media?parent=121809"}],"wp:term":[{"taxonomy":"product_brand","embeddable":true,"href":"https:\/\/arten.it\/de\/wp-json\/wp\/v2\/product_brand?post=121809"},{"taxonomy":"product_cat","embeddable":true,"href":"https:\/\/arten.it\/de\/wp-json\/wp\/v2\/product_cat?post=121809"},{"taxonomy":"product_tag","embeddable":true,"href":"https:\/\/arten.it\/de\/wp-json\/wp\/v2\/product_tag?post=121809"}],"curies":[{"name":"wp","href":"https:\/\/api.w.org\/{rel}","templated":true}]}}