{"id":121816,"date":"2023-07-23T11:24:30","date_gmt":"2023-07-23T09:24:30","guid":{"rendered":"http:\/\/arten.it\/prodotto\/602l-vt\/"},"modified":"2023-07-23T11:24:30","modified_gmt":"2023-07-23T09:24:30","slug":"602l-vt","status":"publish","type":"product","link":"https:\/\/arten.it\/de\/prodotto\/602l-vt\/","title":{"rendered":"602L.VT"},"content":{"rendered":"<p>Rechteckige Klappt\u00fcr \u00d6ffnung nach au\u00dfen<\/p>\n","protected":false},"excerpt":{"rendered":"<p>Klappt\u00fcr<br \/>\n245 x 310 mm<br \/>\nF\u00fcr GLASFASER<\/p>\n","protected":false},"featured_media":121817,"template":"","meta":{"_acf_changed":false,"_et_pb_use_builder":"","_et_pb_old_content":"","_et_gb_content_width":"","inline_featured_image":false,"wds_primary_product_brand":0,"wds_primary_product_cat":0},"product_brand":[],"product_cat":[1943,1938],"product_tag":[],"class_list":{"0":"post-121816","1":"product","2":"type-product","3":"status-publish","4":"has-post-thumbnail","6":"product_cat-v-glasfaser-05-rechteckige-klappturen","7":"product_cat-v-glasfaser","8":"pa_installazione-auf-glasfaser","9":"pa_tipo-di-prodotto-klapptur","11":"first","12":"instock","13":"product-type-simple"},"acf":[],"_links":{"self":[{"href":"https:\/\/arten.it\/de\/wp-json\/wp\/v2\/product\/121816","targetHints":{"allow":["GET"]}}],"collection":[{"href":"https:\/\/arten.it\/de\/wp-json\/wp\/v2\/product"}],"about":[{"href":"https:\/\/arten.it\/de\/wp-json\/wp\/v2\/types\/product"}],"wp:featuredmedia":[{"embeddable":true,"href":"https:\/\/arten.it\/de\/wp-json\/wp\/v2\/media\/121817"}],"wp:attachment":[{"href":"https:\/\/arten.it\/de\/wp-json\/wp\/v2\/media?parent=121816"}],"wp:term":[{"taxonomy":"product_brand","embeddable":true,"href":"https:\/\/arten.it\/de\/wp-json\/wp\/v2\/product_brand?post=121816"},{"taxonomy":"product_cat","embeddable":true,"href":"https:\/\/arten.it\/de\/wp-json\/wp\/v2\/product_cat?post=121816"},{"taxonomy":"product_tag","embeddable":true,"href":"https:\/\/arten.it\/de\/wp-json\/wp\/v2\/product_tag?post=121816"}],"curies":[{"name":"wp","href":"https:\/\/api.w.org\/{rel}","templated":true}]}}