{"id":121869,"date":"2023-07-23T11:24:17","date_gmt":"2023-07-23T09:24:17","guid":{"rendered":"http:\/\/arten.it\/prodotto\/940-c-serie\/"},"modified":"2023-07-23T11:24:17","modified_gmt":"2023-07-23T09:24:17","slug":"940-c-serie","status":"publish","type":"product","link":"https:\/\/arten.it\/de\/prodotto\/940-c-serie\/","title":{"rendered":"940.C SERIE"},"content":{"rendered":"<p>Runde Klappt\u00fcr mit Kipp\u00f6ffnungssysteme und Seitliche \u00d6ffnung drehbar<\/p>\n","protected":false},"excerpt":{"rendered":"<p>Klappt\u00fcr<br \/>\nDN220 | 300 | 400 | 500 | 600 mm<br \/>\nF\u00fcr BETON<\/p>\n","protected":false},"featured_media":121868,"template":"","meta":{"_acf_changed":false,"_et_pb_use_builder":"","_et_pb_old_content":"","_et_gb_content_width":"","inline_featured_image":false,"wds_primary_product_brand":0,"wds_primary_product_cat":0},"product_brand":[],"product_cat":[1923,1919],"product_tag":[],"class_list":{"0":"post-121869","1":"product","2":"type-product","3":"status-publish","4":"has-post-thumbnail","6":"product_cat-c-beton-04-runde-klappturen","7":"product_cat-c-beton-de","8":"pa_installazione-auf-beton","9":"pa_tipo-di-prodotto-klapptur","11":"first","12":"instock","13":"product-type-simple"},"acf":[],"_links":{"self":[{"href":"https:\/\/arten.it\/de\/wp-json\/wp\/v2\/product\/121869","targetHints":{"allow":["GET"]}}],"collection":[{"href":"https:\/\/arten.it\/de\/wp-json\/wp\/v2\/product"}],"about":[{"href":"https:\/\/arten.it\/de\/wp-json\/wp\/v2\/types\/product"}],"wp:featuredmedia":[{"embeddable":true,"href":"https:\/\/arten.it\/de\/wp-json\/wp\/v2\/media\/121868"}],"wp:attachment":[{"href":"https:\/\/arten.it\/de\/wp-json\/wp\/v2\/media?parent=121869"}],"wp:term":[{"taxonomy":"product_brand","embeddable":true,"href":"https:\/\/arten.it\/de\/wp-json\/wp\/v2\/product_brand?post=121869"},{"taxonomy":"product_cat","embeddable":true,"href":"https:\/\/arten.it\/de\/wp-json\/wp\/v2\/product_cat?post=121869"},{"taxonomy":"product_tag","embeddable":true,"href":"https:\/\/arten.it\/de\/wp-json\/wp\/v2\/product_tag?post=121869"}],"curies":[{"name":"wp","href":"https:\/\/api.w.org\/{rel}","templated":true}]}}