{"id":121893,"date":"2023-07-23T11:24:09","date_gmt":"2023-07-23T09:24:09","guid":{"rendered":"http:\/\/arten.it\/prodotto\/363b-c-art\/"},"modified":"2023-07-23T11:24:09","modified_gmt":"2023-07-23T09:24:09","slug":"363b-c-art","status":"publish","type":"product","link":"https:\/\/arten.it\/de\/prodotto\/363b-c-art\/","title":{"rendered":"363B.C ART"},"content":{"rendered":"<p>Rechteckige Mannlocht\u00fcr \u00d6ffnung nach au\u00dfen<\/p>\n","protected":false},"excerpt":{"rendered":"<p>Mannlocht\u00fcr<br \/>\n400 x 530 mm<br \/>\nF\u00fcr BETON<\/p>\n","protected":false},"featured_media":121894,"template":"","meta":{"_acf_changed":false,"_et_pb_use_builder":"","_et_pb_old_content":"","_et_gb_content_width":"","inline_featured_image":false,"wds_primary_product_brand":0,"wds_primary_product_cat":0},"product_brand":[],"product_cat":[1921,1919],"product_tag":[],"class_list":{"0":"post-121893","1":"product","2":"type-product","3":"status-publish","4":"has-post-thumbnail","6":"product_cat-c-beton-02-rechteckige-mannlochturen","7":"product_cat-c-beton-de","8":"pa_installazione-auf-beton","9":"pa_tipo-di-prodotto-mannlochtur","11":"first","12":"instock","13":"product-type-simple"},"acf":[],"_links":{"self":[{"href":"https:\/\/arten.it\/de\/wp-json\/wp\/v2\/product\/121893","targetHints":{"allow":["GET"]}}],"collection":[{"href":"https:\/\/arten.it\/de\/wp-json\/wp\/v2\/product"}],"about":[{"href":"https:\/\/arten.it\/de\/wp-json\/wp\/v2\/types\/product"}],"wp:featuredmedia":[{"embeddable":true,"href":"https:\/\/arten.it\/de\/wp-json\/wp\/v2\/media\/121894"}],"wp:attachment":[{"href":"https:\/\/arten.it\/de\/wp-json\/wp\/v2\/media?parent=121893"}],"wp:term":[{"taxonomy":"product_brand","embeddable":true,"href":"https:\/\/arten.it\/de\/wp-json\/wp\/v2\/product_brand?post=121893"},{"taxonomy":"product_cat","embeddable":true,"href":"https:\/\/arten.it\/de\/wp-json\/wp\/v2\/product_cat?post=121893"},{"taxonomy":"product_tag","embeddable":true,"href":"https:\/\/arten.it\/de\/wp-json\/wp\/v2\/product_tag?post=121893"}],"curies":[{"name":"wp","href":"https:\/\/api.w.org\/{rel}","templated":true}]}}