{"id":121929,"date":"2023-07-23T11:23:59","date_gmt":"2023-07-23T09:23:59","guid":{"rendered":"http:\/\/arten.it\/prodotto\/653-art\/"},"modified":"2023-07-23T11:23:59","modified_gmt":"2023-07-23T09:23:59","slug":"653-art","status":"publish","type":"product","link":"https:\/\/arten.it\/de\/prodotto\/653-art\/","title":{"rendered":"653 ART"},"content":{"rendered":"<p>Rechteckige Klappt\u00fcr \u00d6ffnung nach au\u00dfen<\/p>\n","protected":false},"excerpt":{"rendered":"<p>Klappt\u00fcr<br \/>\n360 x 275 mm<br \/>\nF\u00fcr EDELSTAHL<\/p>\n","protected":false},"featured_media":121930,"template":"","meta":{"_acf_changed":false,"_et_pb_use_builder":"","_et_pb_old_content":"","_et_gb_content_width":"","inline_featured_image":false,"wds_primary_product_brand":0,"wds_primary_product_cat":0},"product_brand":[],"product_cat":[1933,1926],"product_tag":[],"class_list":{"0":"post-121929","1":"product","2":"type-product","3":"status-publish","4":"has-post-thumbnail","6":"product_cat-07-rechteckige-klappturen","7":"product_cat-i-edelstahl","8":"pa_installazione-auf-edelstahl","9":"pa_tipo-di-prodotto-klapptur","11":"first","12":"instock","13":"product-type-simple"},"acf":[],"_links":{"self":[{"href":"https:\/\/arten.it\/de\/wp-json\/wp\/v2\/product\/121929","targetHints":{"allow":["GET"]}}],"collection":[{"href":"https:\/\/arten.it\/de\/wp-json\/wp\/v2\/product"}],"about":[{"href":"https:\/\/arten.it\/de\/wp-json\/wp\/v2\/types\/product"}],"wp:featuredmedia":[{"embeddable":true,"href":"https:\/\/arten.it\/de\/wp-json\/wp\/v2\/media\/121930"}],"wp:attachment":[{"href":"https:\/\/arten.it\/de\/wp-json\/wp\/v2\/media?parent=121929"}],"wp:term":[{"taxonomy":"product_brand","embeddable":true,"href":"https:\/\/arten.it\/de\/wp-json\/wp\/v2\/product_brand?post=121929"},{"taxonomy":"product_cat","embeddable":true,"href":"https:\/\/arten.it\/de\/wp-json\/wp\/v2\/product_cat?post=121929"},{"taxonomy":"product_tag","embeddable":true,"href":"https:\/\/arten.it\/de\/wp-json\/wp\/v2\/product_tag?post=121929"}],"curies":[{"name":"wp","href":"https:\/\/api.w.org\/{rel}","templated":true}]}}