{"id":121966,"date":"2023-07-23T11:23:48","date_gmt":"2023-07-23T09:23:48","guid":{"rendered":"http:\/\/arten.it\/prodotto\/520-serie\/"},"modified":"2023-07-23T11:23:48","modified_gmt":"2023-07-23T09:23:48","slug":"520-serie","status":"publish","type":"product","link":"https:\/\/arten.it\/de\/prodotto\/520-serie\/","title":{"rendered":"520 SERIE"},"content":{"rendered":"<p>Runde Klappt\u00fcr mit Kipp\u00f6ffnungssysteme und Seitliche \u00d6ffnung drehbar<\/p>\n","protected":false},"excerpt":{"rendered":"<p>Klappt\u00fcr<br \/>\nDN200 | 300 | 380 | 400 | 420 | 500 | 600 mm<br \/>\nF\u00fcr EDELSTAHL<\/p>\n","protected":false},"featured_media":121967,"template":"","meta":{"_acf_changed":false,"_et_pb_use_builder":"","_et_pb_old_content":"","_et_gb_content_width":"","inline_featured_image":false,"wds_primary_product_brand":0,"wds_primary_product_cat":0},"product_brand":[],"product_cat":[1930,1932,1926],"product_tag":[],"class_list":{"0":"post-121966","1":"product","2":"type-product","3":"status-publish","4":"has-post-thumbnail","6":"product_cat-i-edelstahl-04-runde-klappturen","7":"product_cat-i-edelstahl-06-klappturen-mit-druck","8":"product_cat-i-edelstahl","9":"pa_installazione-auf-edelstahl","10":"pa_tipo-di-prodotto-klapptur","12":"first","13":"instock","14":"product-type-simple"},"acf":[],"_links":{"self":[{"href":"https:\/\/arten.it\/de\/wp-json\/wp\/v2\/product\/121966","targetHints":{"allow":["GET"]}}],"collection":[{"href":"https:\/\/arten.it\/de\/wp-json\/wp\/v2\/product"}],"about":[{"href":"https:\/\/arten.it\/de\/wp-json\/wp\/v2\/types\/product"}],"wp:featuredmedia":[{"embeddable":true,"href":"https:\/\/arten.it\/de\/wp-json\/wp\/v2\/media\/121967"}],"wp:attachment":[{"href":"https:\/\/arten.it\/de\/wp-json\/wp\/v2\/media?parent=121966"}],"wp:term":[{"taxonomy":"product_brand","embeddable":true,"href":"https:\/\/arten.it\/de\/wp-json\/wp\/v2\/product_brand?post=121966"},{"taxonomy":"product_cat","embeddable":true,"href":"https:\/\/arten.it\/de\/wp-json\/wp\/v2\/product_cat?post=121966"},{"taxonomy":"product_tag","embeddable":true,"href":"https:\/\/arten.it\/de\/wp-json\/wp\/v2\/product_tag?post=121966"}],"curies":[{"name":"wp","href":"https:\/\/api.w.org\/{rel}","templated":true}]}}