{"id":121996,"date":"2023-07-23T11:23:39","date_gmt":"2023-07-23T09:23:39","guid":{"rendered":"http:\/\/arten.it\/prodotto\/376-art\/"},"modified":"2023-07-23T11:23:39","modified_gmt":"2023-07-23T09:23:39","slug":"376-art","status":"publish","type":"product","link":"https:\/\/arten.it\/de\/prodotto\/376-art\/","title":{"rendered":"376 ART"},"content":{"rendered":"<p>Rechteckige Mannlocht\u00fcr \u00d6ffnung nach au\u00dfen<\/p>\n","protected":false},"excerpt":{"rendered":"<p>Mannlocht\u00fcr<br \/>\n310 x 420 mm<br \/>\nF\u00fcr EDELSTAHL<\/p>\n","protected":false},"featured_media":121997,"template":"","meta":{"_acf_changed":false,"_et_pb_use_builder":"","_et_pb_old_content":"","_et_gb_content_width":"","inline_featured_image":false,"wds_primary_product_brand":0,"wds_primary_product_cat":0},"product_brand":[],"product_cat":[1926,1928],"product_tag":[],"class_list":{"0":"post-121996","1":"product","2":"type-product","3":"status-publish","4":"has-post-thumbnail","6":"product_cat-i-edelstahl","7":"product_cat-i-edelstahl-rechteckige-mannlochturen","8":"pa_installazione-auf-edelstahl","9":"pa_tipo-di-prodotto-mannlochtur","11":"first","12":"instock","13":"product-type-simple"},"acf":[],"_links":{"self":[{"href":"https:\/\/arten.it\/de\/wp-json\/wp\/v2\/product\/121996","targetHints":{"allow":["GET"]}}],"collection":[{"href":"https:\/\/arten.it\/de\/wp-json\/wp\/v2\/product"}],"about":[{"href":"https:\/\/arten.it\/de\/wp-json\/wp\/v2\/types\/product"}],"wp:featuredmedia":[{"embeddable":true,"href":"https:\/\/arten.it\/de\/wp-json\/wp\/v2\/media\/121997"}],"wp:attachment":[{"href":"https:\/\/arten.it\/de\/wp-json\/wp\/v2\/media?parent=121996"}],"wp:term":[{"taxonomy":"product_brand","embeddable":true,"href":"https:\/\/arten.it\/de\/wp-json\/wp\/v2\/product_brand?post=121996"},{"taxonomy":"product_cat","embeddable":true,"href":"https:\/\/arten.it\/de\/wp-json\/wp\/v2\/product_cat?post=121996"},{"taxonomy":"product_tag","embeddable":true,"href":"https:\/\/arten.it\/de\/wp-json\/wp\/v2\/product_tag?post=121996"}],"curies":[{"name":"wp","href":"https:\/\/api.w.org\/{rel}","templated":true}]}}