{"id":120760,"date":"2023-07-23T11:24:58","date_gmt":"2023-07-23T09:24:58","guid":{"rendered":"http:\/\/arten.it\/prodotto\/1385-art\/"},"modified":"2023-07-23T11:24:58","modified_gmt":"2023-07-23T09:24:58","slug":"1385-art","status":"publish","type":"product","link":"https:\/\/arten.it\/es\/prodotto\/1385-art\/","title":{"rendered":"1385 ART"},"content":{"rendered":"<p>V\u00e1lvula de desaireaci\u00f3n doble efecto con funcionamiento en ba\u00f1o de aceite<\/p>\n","protected":false},"excerpt":{"rendered":"<p>V\u00e1lvula de desaireaci\u00f3n doble efecto con funcionamiento en ba\u00f1o de aceite<\/p>\n","protected":false},"featured_media":125558,"template":"","meta":{"_acf_changed":false,"_et_pb_use_builder":"","_et_pb_old_content":"","_et_gb_content_width":"","inline_featured_image":false,"wds_primary_product_brand":0,"wds_primary_product_cat":0},"product_brand":[],"product_cat":[1733,1732],"product_tag":[],"class_list":{"0":"post-120760","1":"product","2":"type-product","3":"status-publish","4":"has-post-thumbnail","6":"product_cat-a-accesorios-01-valvulas-de-desaireacion","7":"product_cat-a-accesorios","8":"pa_tipo-di-prodotto-accesorio","10":"first","11":"instock","12":"product-type-simple"},"acf":[],"_links":{"self":[{"href":"https:\/\/arten.it\/es\/wp-json\/wp\/v2\/product\/120760","targetHints":{"allow":["GET"]}}],"collection":[{"href":"https:\/\/arten.it\/es\/wp-json\/wp\/v2\/product"}],"about":[{"href":"https:\/\/arten.it\/es\/wp-json\/wp\/v2\/types\/product"}],"wp:featuredmedia":[{"embeddable":true,"href":"https:\/\/arten.it\/es\/wp-json\/wp\/v2\/media\/125558"}],"wp:attachment":[{"href":"https:\/\/arten.it\/es\/wp-json\/wp\/v2\/media?parent=120760"}],"wp:term":[{"taxonomy":"product_brand","embeddable":true,"href":"https:\/\/arten.it\/es\/wp-json\/wp\/v2\/product_brand?post=120760"},{"taxonomy":"product_cat","embeddable":true,"href":"https:\/\/arten.it\/es\/wp-json\/wp\/v2\/product_cat?post=120760"},{"taxonomy":"product_tag","embeddable":true,"href":"https:\/\/arten.it\/es\/wp-json\/wp\/v2\/product_tag?post=120760"}],"curies":[{"name":"wp","href":"https:\/\/api.w.org\/{rel}","templated":true}]}}