{"id":125594,"date":"2025-02-17T10:51:49","date_gmt":"2025-02-17T09:51:49","guid":{"rendered":"http:\/\/arten.it\/?post_type=product&#038;p=125594"},"modified":"2025-02-17T11:07:33","modified_gmt":"2025-02-17T10:07:33","slug":"1387b-art","status":"publish","type":"product","link":"https:\/\/arten.it\/es\/prodotto\/1387b-art\/","title":{"rendered":"1387B ART"},"content":{"rendered":"<p>V\u00e1lvula de desaireaci\u00f3n doble efecto PVC <span class=\"OYPEnA font-feature-liga-off font-feature-clig-off font-feature-calt-off text-decoration-none text-strikethrough-none\">sin conexi\u00f3n DIN<\/span><\/p>\n","protected":false},"excerpt":{"rendered":"<p>V\u00e1lvula de desaireaci\u00f3n doble efecto PVC sin conexi\u00f3n DIN<\/p>\n","protected":false},"featured_media":125602,"template":"","meta":{"_acf_changed":false,"_et_pb_use_builder":"","_et_pb_old_content":"","_et_gb_content_width":"","inline_featured_image":false,"wds_primary_product_brand":0,"wds_primary_product_cat":0},"product_brand":[],"product_cat":[1733,1732],"product_tag":[],"class_list":{"0":"post-125594","1":"product","2":"type-product","3":"status-publish","4":"has-post-thumbnail","6":"product_cat-a-accesorios-01-valvulas-de-desaireacion","7":"product_cat-a-accesorios","8":"pa_tipo-di-prodotto-accesorio","10":"first","11":"instock","12":"product-type-simple"},"acf":[],"_links":{"self":[{"href":"https:\/\/arten.it\/es\/wp-json\/wp\/v2\/product\/125594","targetHints":{"allow":["GET"]}}],"collection":[{"href":"https:\/\/arten.it\/es\/wp-json\/wp\/v2\/product"}],"about":[{"href":"https:\/\/arten.it\/es\/wp-json\/wp\/v2\/types\/product"}],"wp:featuredmedia":[{"embeddable":true,"href":"https:\/\/arten.it\/es\/wp-json\/wp\/v2\/media\/125602"}],"wp:attachment":[{"href":"https:\/\/arten.it\/es\/wp-json\/wp\/v2\/media?parent=125594"}],"wp:term":[{"taxonomy":"product_brand","embeddable":true,"href":"https:\/\/arten.it\/es\/wp-json\/wp\/v2\/product_brand?post=125594"},{"taxonomy":"product_cat","embeddable":true,"href":"https:\/\/arten.it\/es\/wp-json\/wp\/v2\/product_cat?post=125594"},{"taxonomy":"product_tag","embeddable":true,"href":"https:\/\/arten.it\/es\/wp-json\/wp\/v2\/product_tag?post=125594"}],"curies":[{"name":"wp","href":"https:\/\/api.w.org\/{rel}","templated":true}]}}