{"id":121102,"date":"2023-07-23T11:25:32","date_gmt":"2023-07-23T09:25:32","guid":{"rendered":"http:\/\/arten.it\/prodotto\/kit-crampon-standard\/"},"modified":"2023-07-23T11:25:32","modified_gmt":"2023-07-23T09:25:32","slug":"kit-crampon-standard","status":"publish","type":"product","link":"https:\/\/arten.it\/fr\/prodotto\/kit-crampon-standard\/","title":{"rendered":"KIT CRAMPON STANDARD"},"content":{"rendered":"<p>Pour trappes rondes<\/p>\n","protected":false},"excerpt":{"rendered":"<p>Syst\u00e8me d\u2019\u00e9tanch\u00e9it\u00e9 et de fermeture \u00e0 l\u2019azote<\/p>\n","protected":false},"featured_media":121103,"template":"","meta":{"_acf_changed":false,"_et_pb_use_builder":"","_et_pb_old_content":"","_et_gb_content_width":"","inline_featured_image":false,"wds_primary_product_brand":0,"wds_primary_product_cat":0},"product_brand":[],"product_cat":[1830,1822],"product_tag":[],"class_list":{"0":"post-121102","1":"product","2":"type-product","3":"status-publish","4":"has-post-thumbnail","6":"product_cat-a-accessoires-08-kit-crampon","7":"product_cat-a-accessoires","8":"pa_tipo-di-prodotto-accessoire","10":"first","11":"instock","12":"product-type-simple"},"acf":[],"_links":{"self":[{"href":"https:\/\/arten.it\/fr\/wp-json\/wp\/v2\/product\/121102","targetHints":{"allow":["GET"]}}],"collection":[{"href":"https:\/\/arten.it\/fr\/wp-json\/wp\/v2\/product"}],"about":[{"href":"https:\/\/arten.it\/fr\/wp-json\/wp\/v2\/types\/product"}],"wp:featuredmedia":[{"embeddable":true,"href":"https:\/\/arten.it\/fr\/wp-json\/wp\/v2\/media\/121103"}],"wp:attachment":[{"href":"https:\/\/arten.it\/fr\/wp-json\/wp\/v2\/media?parent=121102"}],"wp:term":[{"taxonomy":"product_brand","embeddable":true,"href":"https:\/\/arten.it\/fr\/wp-json\/wp\/v2\/product_brand?post=121102"},{"taxonomy":"product_cat","embeddable":true,"href":"https:\/\/arten.it\/fr\/wp-json\/wp\/v2\/product_cat?post=121102"},{"taxonomy":"product_tag","embeddable":true,"href":"https:\/\/arten.it\/fr\/wp-json\/wp\/v2\/product_tag?post=121102"}],"curies":[{"name":"wp","href":"https:\/\/api.w.org\/{rel}","templated":true}]}}