{"id":121273,"date":"2023-07-23T11:24:49","date_gmt":"2023-07-23T09:24:49","guid":{"rendered":"http:\/\/arten.it\/prodotto\/940b-w-serie\/"},"modified":"2023-07-23T11:24:49","modified_gmt":"2023-07-23T09:24:49","slug":"940b-w-serie","status":"publish","type":"product","link":"https:\/\/arten.it\/fr\/prodotto\/940b-w-serie\/","title":{"rendered":"940B.W S\u00c9RIE"},"content":{"rendered":"<p>Trappe ronde anti-r\u00e9tention avec ouverture par renversement et par glissement lat\u00e9ral<\/p>\n","protected":false},"excerpt":{"rendered":"<p>Trappe<br \/>\nDN220 | 300 | 400 | 500 | 600 mm<br \/>\nJoint sur le couvercle<br \/>\nPour BOIS<\/p>\n","protected":false},"featured_media":124218,"template":"","meta":{"_acf_changed":false,"_et_pb_use_builder":"","_et_pb_old_content":"","_et_gb_content_width":"","inline_featured_image":false,"wds_primary_product_brand":0,"wds_primary_product_cat":0},"product_brand":[],"product_cat":[1860,1856],"product_tag":[],"class_list":{"0":"post-121273","1":"product","2":"type-product","3":"status-publish","4":"has-post-thumbnail","6":"product_cat-w-bois-04-trappes-rondes","7":"product_cat-w-bois","8":"pa_installazione-sur-bois","9":"pa_tipo-di-prodotto-trappe","11":"first","12":"instock","13":"product-type-simple"},"acf":[],"_links":{"self":[{"href":"https:\/\/arten.it\/fr\/wp-json\/wp\/v2\/product\/121273","targetHints":{"allow":["GET"]}}],"collection":[{"href":"https:\/\/arten.it\/fr\/wp-json\/wp\/v2\/product"}],"about":[{"href":"https:\/\/arten.it\/fr\/wp-json\/wp\/v2\/types\/product"}],"wp:featuredmedia":[{"embeddable":true,"href":"https:\/\/arten.it\/fr\/wp-json\/wp\/v2\/media\/124218"}],"wp:attachment":[{"href":"https:\/\/arten.it\/fr\/wp-json\/wp\/v2\/media?parent=121273"}],"wp:term":[{"taxonomy":"product_brand","embeddable":true,"href":"https:\/\/arten.it\/fr\/wp-json\/wp\/v2\/product_brand?post=121273"},{"taxonomy":"product_cat","embeddable":true,"href":"https:\/\/arten.it\/fr\/wp-json\/wp\/v2\/product_cat?post=121273"},{"taxonomy":"product_tag","embeddable":true,"href":"https:\/\/arten.it\/fr\/wp-json\/wp\/v2\/product_tag?post=121273"}],"curies":[{"name":"wp","href":"https:\/\/api.w.org\/{rel}","templated":true}]}}